{"id":987,"date":"2025-12-01T12:29:12","date_gmt":"2025-12-01T12:29:12","guid":{"rendered":"https:\/\/suinal.com\/bana-inananlar\/"},"modified":"2026-01-22T16:55:24","modified_gmt":"2026-01-22T16:55:24","slug":"bana-inananlar","status":"publish","type":"page","link":"https:\/\/www.suinal.com\/en\/bana-inananlar\/","title":{"rendered":"BELIEVERS IN ME"},"content":{"rendered":"\t\t<div data-elementor-type=\"wp-page\" data-elementor-id=\"987\" class=\"elementor elementor-987 elementor-214\" data-elementor-post-type=\"page\">\n\t\t\t\t\t\t<section class=\"elementor-section elementor-top-section elementor-element elementor-element-3b63c49 elementor-section-boxed elementor-section-height-default elementor-section-height-default\" data-id=\"3b63c49\" data-element_type=\"section\">\n\t\t\t\t\t\t<div class=\"elementor-container elementor-column-gap-default\">\n\t\t\t\t\t<div class=\"elementor-column elementor-col-100 elementor-top-column elementor-element elementor-element-bc56d8e\" data-id=\"bc56d8e\" data-element_type=\"column\">\n\t\t\t<div class=\"elementor-widget-wrap elementor-element-populated\">\n\t\t\t\t\t\t<div class=\"elementor-element elementor-element-8c3dc8b animated-slow elementor-invisible elementor-widget elementor-widget-heading\" data-id=\"8c3dc8b\" data-element_type=\"widget\" data-settings=\"{&quot;_animation&quot;:&quot;fadeInUp&quot;}\" data-widget_type=\"heading.default\">\n\t\t\t\t\t<h3 class=\"elementor-heading-title elementor-size-default\">BELIEVERS IN ME <\/h3>\t\t\t\t<\/div>\n\t\t\t\t\t<\/div>\n\t\t<\/div>\n\t\t\t\t\t<\/div>\n\t\t<\/section>\n\t\t<div class=\"elementor-element elementor-element-2489e8d e-flex e-con-boxed e-con e-parent\" data-id=\"2489e8d\" data-element_type=\"container\">\n\t\t\t\t\t<div class=\"e-con-inner\">\n\t\t\t\t<div class=\"elementor-element elementor-element-7d5557a elementor-widget elementor-widget-image\" data-id=\"7d5557a\" data-element_type=\"widget\" data-widget_type=\"image.default\">\n\t\t\t\t\t\t\t\t\t\t\t\t\t\t\t<img fetchpriority=\"high\" decoding=\"async\" width=\"1200\" height=\"1600\" src=\"https:\/\/www.suinal.com\/wp-content\/uploads\/2025\/12\/SU-5.jpeg\" class=\"attachment-full size-full wp-image-388\" alt=\"\" srcset=\"https:\/\/www.suinal.com\/wp-content\/uploads\/2025\/12\/SU-5.jpeg 1200w, https:\/\/www.suinal.com\/wp-content\/uploads\/2025\/12\/SU-5-225x300.jpeg 225w, https:\/\/www.suinal.com\/wp-content\/uploads\/2025\/12\/SU-5-768x1024.jpeg 768w, https:\/\/www.suinal.com\/wp-content\/uploads\/2025\/12\/SU-5-1152x1536.jpeg 1152w\" sizes=\"(max-width: 1200px) 100vw, 1200px\" \/>\t\t\t\t\t\t\t\t\t\t\t\t\t\t\t<\/div>\n\t\t\t\t\t<\/div>\n\t\t\t\t<\/div>\n\t\t<div class=\"elementor-element elementor-element-1998fa9 e-flex e-con-boxed e-con e-parent\" data-id=\"1998fa9\" data-element_type=\"container\">\n\t\t\t\t\t<div class=\"e-con-inner\">\n\t\t<div class=\"elementor-element elementor-element-fb8c84d e-con-full e-flex e-con e-child\" data-id=\"fb8c84d\" data-element_type=\"container\">\n\t\t\t\t<div class=\"elementor-element elementor-element-8379cc4 elementor-widget elementor-widget-text-editor\" data-id=\"8379cc4\" data-element_type=\"widget\" data-widget_type=\"text-editor.default\">\n\t\t\t\t\t\t\t\t\t<p><strong>Sel\u00e7uk Demirel<\/strong><br \/>AquaChallenge<br \/>Chairman of the Board<\/p><p><strong>G\u00fc\u00e7l\u00fc Baytekin<br \/><\/strong>AquaChallenger<br \/>Tourism Operator<\/p>\t\t\t\t\t\t\t\t<\/div>\n\t\t\t\t<\/div>\n\t\t<div class=\"elementor-element elementor-element-723c4d2 e-con-full e-flex e-con e-child\" data-id=\"723c4d2\" data-element_type=\"container\">\n\t\t\t\t<div class=\"elementor-element elementor-element-0ceda30 elementor-widget elementor-widget-text-editor\" data-id=\"0ceda30\" data-element_type=\"widget\" data-widget_type=\"text-editor.default\">\n\t\t\t\t\t\t\t\t\t<p><strong>Fethiye Demirel<\/strong><br \/>AquaChallenge<br \/>Head of Communications<\/p><p><strong>Selma Ay\u0131k Baytekin<br \/><\/strong>Champion Holiday Village<\/p>\t\t\t\t\t\t\t\t<\/div>\n\t\t\t\t<\/div>\n\t\t<div class=\"elementor-element elementor-element-3221317 e-con-full e-flex e-con e-child\" data-id=\"3221317\" data-element_type=\"container\">\n\t\t\t\t<div class=\"elementor-element elementor-element-d2ab14b elementor-widget elementor-widget-text-editor\" data-id=\"d2ab14b\" data-element_type=\"widget\" data-widget_type=\"text-editor.default\">\n\t\t\t\t\t\t\t\t\t<p><strong>Zafer Ba\u015far<\/strong><br \/>Y\u00fcce Auto<br \/>Skoda General Manager<\/p>\t\t\t\t\t\t\t\t<\/div>\n\t\t\t\t<\/div>\n\t\t<div class=\"elementor-element elementor-element-d951913 e-con-full e-flex e-con e-child\" data-id=\"d951913\" data-element_type=\"container\">\n\t\t\t\t<div class=\"elementor-element elementor-element-4570c29 elementor-widget elementor-widget-text-editor\" data-id=\"4570c29\" data-element_type=\"widget\" data-widget_type=\"text-editor.default\">\n\t\t\t\t\t\t\t\t\t<p><strong>Joep Wijnands<\/strong><br>Ambassador of the Netherlands<\/p>\t\t\t\t\t\t\t\t<\/div>\n\t\t\t\t<\/div>\n\t\t<div class=\"elementor-element elementor-element-51bfbeb e-con-full e-flex e-con e-child\" data-id=\"51bfbeb\" data-element_type=\"container\">\n\t\t\t\t<div class=\"elementor-element elementor-element-801bcbc elementor-widget elementor-widget-text-editor\" data-id=\"801bcbc\" data-element_type=\"widget\" data-widget_type=\"text-editor.default\">\n\t\t\t\t\t\t\t\t\t<p><strong>Zeynep Selgur<\/strong><br \/>Sportive General Manager<\/p>\t\t\t\t\t\t\t\t<\/div>\n\t\t\t\t<\/div>\n\t\t<div class=\"elementor-element elementor-element-c5fca2c e-con-full e-flex e-con e-child\" data-id=\"c5fca2c\" data-element_type=\"container\">\n\t\t\t\t<div class=\"elementor-element elementor-element-3f4bcbb elementor-widget elementor-widget-text-editor\" data-id=\"3f4bcbb\" data-element_type=\"widget\" data-widget_type=\"text-editor.default\">\n\t\t\t\t\t\t\t\t\t<p><strong>Elif \u00d6zdemir<\/strong><br \/>\u00d6zalt\u0131n Holding Vice Chairman<\/p>\t\t\t\t\t\t\t\t<\/div>\n\t\t\t\t<\/div>\n\t\t\t\t\t<\/div>\n\t\t\t\t<\/div>\n\t\t\t\t<\/div>\n\t\t","protected":false},"excerpt":{"rendered":"<p>BELIEVERS IN ME Sel\u00e7uk DemirelAquaChallengeChairman of the Board G\u00fc\u00e7l\u00fc BaytekinAquaChallengerTourism Operator Fethiye DemirelAquaChallengeHead of Communications Selma Ay\u0131k BaytekinChampion Holiday Village Zafer Ba\u015farY\u00fcce AutoSkoda General Manager Joep WijnandsAmbassador of the Netherlands Zeynep SelgurSportive General Manager Elif \u00d6zdemir\u00d6zalt\u0131n Holding Vice Chairman<\/p>\n","protected":false},"author":1,"featured_media":0,"parent":0,"menu_order":0,"comment_status":"closed","ping_status":"closed","template":"","meta":{"footnotes":""},"class_list":["post-987","page","type-page","status-publish","hentry"],"_links":{"self":[{"href":"https:\/\/www.suinal.com\/en\/wp-json\/wp\/v2\/pages\/987","targetHints":{"allow":["GET"]}}],"collection":[{"href":"https:\/\/www.suinal.com\/en\/wp-json\/wp\/v2\/pages"}],"about":[{"href":"https:\/\/www.suinal.com\/en\/wp-json\/wp\/v2\/types\/page"}],"author":[{"embeddable":true,"href":"https:\/\/www.suinal.com\/en\/wp-json\/wp\/v2\/users\/1"}],"replies":[{"embeddable":true,"href":"https:\/\/www.suinal.com\/en\/wp-json\/wp\/v2\/comments?post=987"}],"version-history":[{"count":14,"href":"https:\/\/www.suinal.com\/en\/wp-json\/wp\/v2\/pages\/987\/revisions"}],"predecessor-version":[{"id":1358,"href":"https:\/\/www.suinal.com\/en\/wp-json\/wp\/v2\/pages\/987\/revisions\/1358"}],"wp:attachment":[{"href":"https:\/\/www.suinal.com\/en\/wp-json\/wp\/v2\/media?parent=987"}],"curies":[{"name":"wp","href":"https:\/\/api.w.org\/{rel}","templated":true}]}}