{"id":1074,"date":"2025-12-01T12:28:14","date_gmt":"2025-12-01T12:28:14","guid":{"rendered":"https:\/\/suinal.com\/kulubum\/"},"modified":"2026-02-05T12:07:53","modified_gmt":"2026-02-05T12:07:53","slug":"kulubum","status":"publish","type":"page","link":"https:\/\/www.suinal.com\/en\/kulubum\/","title":{"rendered":"KULUB\u00dcM"},"content":{"rendered":"\t\t<div data-elementor-type=\"wp-page\" data-elementor-id=\"1074\" class=\"elementor elementor-1074 elementor-207\" data-elementor-post-type=\"page\">\n\t\t\t\t<div class=\"elementor-element elementor-element-50ee50e e-flex e-con-boxed e-con e-parent\" data-id=\"50ee50e\" data-element_type=\"container\">\n\t\t\t\t\t<div class=\"e-con-inner\">\n\t\t<div class=\"elementor-element elementor-element-98fca69 e-con-full e-flex e-con e-child\" data-id=\"98fca69\" data-element_type=\"container\">\n\t\t\t\t<div class=\"elementor-element elementor-element-c3aec26 elementor-widget elementor-widget-image\" data-id=\"c3aec26\" data-element_type=\"widget\" data-widget_type=\"image.default\">\n\t\t\t\t\t\t\t\t\t\t\t\t\t\t\t<img decoding=\"async\" width=\"92\" height=\"122\" src=\"https:\/\/www.suinal.com\/wp-content\/uploads\/2025\/12\/gs.png\" class=\"attachment-full size-full wp-image-427\" alt=\"\" \/>\t\t\t\t\t\t\t\t\t\t\t\t\t\t\t<\/div>\n\t\t\t\t<\/div>\n\t\t<div class=\"elementor-element elementor-element-1a2af48 e-con-full e-flex e-con e-child\" data-id=\"1a2af48\" data-element_type=\"container\">\n\t\t\t\t<div class=\"elementor-element elementor-element-3e6c94b elementor-widget elementor-widget-heading\" data-id=\"3e6c94b\" data-element_type=\"widget\" data-widget_type=\"heading.default\">\n\t\t\t\t\t<h2 class=\"elementor-heading-title elementor-size-default\">GALATASARAY SPORTS CLUB\n<\/h2>\t\t\t\t<\/div>\n\t\t\t\t<\/div>\n\t\t\t\t\t<\/div>\n\t\t\t\t<\/div>\n\t\t<div class=\"elementor-element elementor-element-0e0d900 e-flex e-con-boxed e-con e-parent\" data-id=\"0e0d900\" data-element_type=\"container\">\n\t\t\t\t\t<div class=\"e-con-inner\">\n\t\t\t\t<div class=\"elementor-element elementor-element-e873bed elementor-widget elementor-widget-image\" data-id=\"e873bed\" data-element_type=\"widget\" data-widget_type=\"image.default\">\n\t\t\t\t\t\t\t\t\t\t\t\t\t\t\t<img fetchpriority=\"high\" decoding=\"async\" width=\"738\" height=\"1210\" src=\"https:\/\/www.suinal.com\/wp-content\/uploads\/2025\/12\/WhatsApp-Image-2025-12-05-at-16.21.45-1-e1766001947935.jpeg\" class=\"attachment-full size-full wp-image-359\" alt=\"\" srcset=\"https:\/\/www.suinal.com\/wp-content\/uploads\/2025\/12\/WhatsApp-Image-2025-12-05-at-16.21.45-1-e1766001947935.jpeg 738w, https:\/\/www.suinal.com\/wp-content\/uploads\/2025\/12\/WhatsApp-Image-2025-12-05-at-16.21.45-1-e1766001947935-183x300.jpeg 183w, https:\/\/www.suinal.com\/wp-content\/uploads\/2025\/12\/WhatsApp-Image-2025-12-05-at-16.21.45-1-e1766001947935-625x1024.jpeg 625w\" sizes=\"(max-width: 738px) 100vw, 738px\" \/>\t\t\t\t\t\t\t\t\t\t\t\t\t\t\t<\/div>\n\t\t\t\t\t<\/div>\n\t\t\t\t<\/div>\n\t\t<div class=\"elementor-element elementor-element-cf02c2d e-flex e-con-boxed e-con e-parent\" data-id=\"cf02c2d\" data-element_type=\"container\">\n\t\t\t\t\t<div class=\"e-con-inner\">\n\t\t\t\t<div class=\"elementor-element elementor-element-1e9850f elementor-widget elementor-widget-text-editor\" data-id=\"1e9850f\" data-element_type=\"widget\" data-widget_type=\"text-editor.default\">\n\t\t\t\t\t\t\t\t\t<p><strong>MISSION OF GALATASARAY SK SWIMMING TEAM<\/strong><\/p><p>The mission is to support a comprehensive and effective swimming program at all levels with experienced trainers and instructors, ensuring that each individual reaches the highest level of personal development.<\/p><p><strong>&#8220;As an athlete of the Galatasaray SK Swimming Branch, my goal is to successfully represent my club in every championship I participate in.&#8221;<\/strong><\/p><p><strong>Su \u0130nal<\/strong><\/p><p><strong>MANAGEMENT<\/strong><br \/><strong>Lara Y\u0131lmaz<\/strong><br \/>Member of the Board of Galatasaray SK<\/p><p><strong>N\u00fckte \u00d6zg\u00f6r<\/strong><br \/>Branch Manager<\/p>\t\t\t\t\t\t\t\t<\/div>\n\t\t\t\t\t<\/div>\n\t\t\t\t<\/div>\n\t\t<div class=\"elementor-element elementor-element-d7ee934 e-flex e-con-boxed e-con e-parent\" data-id=\"d7ee934\" data-element_type=\"container\">\n\t\t\t\t\t<div class=\"e-con-inner\">\n\t\t<div class=\"elementor-element elementor-element-0c8c367 e-con-full e-flex e-con e-child\" data-id=\"0c8c367\" data-element_type=\"container\">\n\t\t\t\t<div class=\"elementor-element elementor-element-271b1dd elementor-widget elementor-widget-heading\" data-id=\"271b1dd\" data-element_type=\"widget\" data-widget_type=\"heading.default\">\n\t\t\t\t\t<h2 class=\"elementor-heading-title elementor-size-default\">EUROPEAN JUNIOR CHAMPIONSHIP <\/h2>\t\t\t\t<\/div>\n\t\t\t\t<div class=\"elementor-element elementor-element-28da11d elementor-widget elementor-widget-image\" data-id=\"28da11d\" data-element_type=\"widget\" data-widget_type=\"image.default\">\n\t\t\t\t\t\t\t\t\t\t\t\t\t\t\t<img decoding=\"async\" width=\"1049\" height=\"635\" src=\"https:\/\/www.suinal.com\/wp-content\/uploads\/2025\/12\/yarisma.png\" class=\"attachment-full size-full wp-image-500\" alt=\"\" srcset=\"https:\/\/www.suinal.com\/wp-content\/uploads\/2025\/12\/yarisma.png 1049w, https:\/\/www.suinal.com\/wp-content\/uploads\/2025\/12\/yarisma-300x182.png 300w, https:\/\/www.suinal.com\/wp-content\/uploads\/2025\/12\/yarisma-1024x620.png 1024w, https:\/\/www.suinal.com\/wp-content\/uploads\/2025\/12\/yarisma-768x465.png 768w\" sizes=\"(max-width: 1049px) 100vw, 1049px\" \/>\t\t\t\t\t\t\t\t\t\t\t\t\t\t\t<\/div>\n\t\t\t\t<\/div>\n\t\t\t\t\t<\/div>\n\t\t\t\t<\/div>\n\t\t<div class=\"elementor-element elementor-element-29fccc1 e-flex e-con-boxed e-con e-parent\" data-id=\"29fccc1\" data-element_type=\"container\">\n\t\t\t\t\t<div class=\"e-con-inner\">\n\t\t\t\t<div class=\"elementor-element elementor-element-83d9ae4 elementor-widget elementor-widget-text-editor\" data-id=\"83d9ae4\" data-element_type=\"widget\" data-widget_type=\"text-editor.default\">\n\t\t\t\t\t\t\t\t\t<p><strong>EUROPEAN JUNIOR CHAMPIONSHIPS<\/strong><\/p><p>The European Junior Open Water Swimming Championships is a prestigious event that brings together young and talented athletes from across the continent, showcasing the excitement and competitive spirit of open water swimming at the highest level.<\/p><p>While offering future star swimmers the opportunity to prove themselves on the international stage, this championship also makes a significant contribution to the development of the open water swimming discipline, where endurance, strategy, and mental strength are paramount. Athletes compete on challenging natural courses, striving both for individual success and for the pride of their countries.<\/p><p>With its high organizational standards, athlete-centered safety structure, and strong commitment to fair play, the European Junior Open Water Swimming Championships unite the unifying power of sport, the energy of youth, and international friendship in the same arena. This major event is not merely a competition, but also a stage for sports culture and the champions of the future.<\/p>\t\t\t\t\t\t\t\t<\/div>\n\t\t\t\t\t<\/div>\n\t\t\t\t<\/div>\n\t\t\t\t<\/div>\n\t\t","protected":false},"excerpt":{"rendered":"<p>GALATASARAY SPORTS CLUB MISSION OF GALATASARAY SK SWIMMING TEAM The mission is to support a comprehensive and effective swimming program at all levels with experienced trainers and instructors, ensuring that each individual reaches the highest level of personal development. &#8220;As an athlete of the Galatasaray SK Swimming Branch, my goal is to successfully represent my [&hellip;]<\/p>\n","protected":false},"author":1,"featured_media":0,"parent":0,"menu_order":0,"comment_status":"closed","ping_status":"closed","template":"","meta":{"footnotes":""},"class_list":["post-1074","page","type-page","status-publish","hentry"],"_links":{"self":[{"href":"https:\/\/www.suinal.com\/en\/wp-json\/wp\/v2\/pages\/1074","targetHints":{"allow":["GET"]}}],"collection":[{"href":"https:\/\/www.suinal.com\/en\/wp-json\/wp\/v2\/pages"}],"about":[{"href":"https:\/\/www.suinal.com\/en\/wp-json\/wp\/v2\/types\/page"}],"author":[{"embeddable":true,"href":"https:\/\/www.suinal.com\/en\/wp-json\/wp\/v2\/users\/1"}],"replies":[{"embeddable":true,"href":"https:\/\/www.suinal.com\/en\/wp-json\/wp\/v2\/comments?post=1074"}],"version-history":[{"count":12,"href":"https:\/\/www.suinal.com\/en\/wp-json\/wp\/v2\/pages\/1074\/revisions"}],"predecessor-version":[{"id":1589,"href":"https:\/\/www.suinal.com\/en\/wp-json\/wp\/v2\/pages\/1074\/revisions\/1589"}],"wp:attachment":[{"href":"https:\/\/www.suinal.com\/en\/wp-json\/wp\/v2\/media?parent=1074"}],"curies":[{"name":"wp","href":"https:\/\/api.w.org\/{rel}","templated":true}]}}